{"id":60,"date":"2010-11-18T14:58:04","date_gmt":"2010-11-18T14:58:04","guid":{"rendered":"http:\/\/tierhof-straelen.de\/wp\/?page_id=60"},"modified":"2019-03-12T10:49:36","modified_gmt":"2019-03-12T09:49:36","slug":"der-tierhof","status":"publish","type":"page","link":"https:\/\/tierhof-straelen.de\/wp\/?page_id=60","title":{"rendered":"Der Tierhof"},"content":{"rendered":"\n<style type=\"text\/css\" data-created_by=\"avia_inline_auto\" id=\"style-css-av-294q4-d6c64fc13f6f0069413ffd149634e6b9\">\n.flex_column.av-294q4-d6c64fc13f6f0069413ffd149634e6b9{\n-webkit-border-radius:0px 0px 0px 0px;\n-moz-border-radius:0px 0px 0px 0px;\nborder-radius:0px 0px 0px 0px;\npadding:0px 0px 0px 0px;\n}\n<\/style>\n<div class='flex_column av-294q4-d6c64fc13f6f0069413ffd149634e6b9 av_one_fourth  avia-builder-el-0  el_before_av_two_third  avia-builder-el-first  first flex_column_div av-zero-column-padding '     ><p>\n<style type=\"text\/css\" data-created_by=\"avia_inline_auto\" id=\"style-css-av-jt44fvt4-cbee868f09fb5e168546694abea48d41\">\n.avia-image-container.av-jt44fvt4-cbee868f09fb5e168546694abea48d41 img.avia_image{\nbox-shadow:none;\n}\n.avia-image-container.av-jt44fvt4-cbee868f09fb5e168546694abea48d41 .av-image-caption-overlay-center{\ncolor:#ffffff;\n}\n<\/style>\n<div  class='avia-image-container av-jt44fvt4-cbee868f09fb5e168546694abea48d41 av-styling- avia-align-  avia-builder-el-1  el_before_av_hr  avia-builder-el-first '   itemprop=\"image\" itemscope=\"itemscope\" itemtype=\"https:\/\/schema.org\/ImageObject\" ><div class=\"avia-image-container-inner\"><div class=\"avia-image-overlay-wrap\"><img class='wp-image-10254 avia-img-lazy-loading-not-10254 avia_image ' src='https:\/\/tierhof-straelen.de\/wp\/wp-content\/uploads\/Au\u00dfenansicht.jpg' alt='' title='Au\u00dfenansicht'  height=\"640\" width=\"480\"  itemprop=\"thumbnailUrl\"  \/><\/div><\/div><\/div><br \/>\n<div  class='hr av-1alo4-54e513f4a3dc82c0a1ce80bb84db57e0 hr-default  avia-builder-el-2  el_after_av_image  el_before_av_image '><span class='hr-inner '><span class=\"hr-inner-style\"><\/span><\/span><\/div><br \/>\n\n<style type=\"text\/css\" data-created_by=\"avia_inline_auto\" id=\"style-css-av-jt44gcoy-896de5c54f08fdaf3ff6f133ba7c6daa\">\n.avia-image-container.av-jt44gcoy-896de5c54f08fdaf3ff6f133ba7c6daa img.avia_image{\nbox-shadow:none;\n}\n.avia-image-container.av-jt44gcoy-896de5c54f08fdaf3ff6f133ba7c6daa .av-image-caption-overlay-center{\ncolor:#ffffff;\n}\n<\/style>\n<div  class='avia-image-container av-jt44gcoy-896de5c54f08fdaf3ff6f133ba7c6daa av-styling- avia-align-  avia-builder-el-3  el_after_av_hr  el_before_av_hr '   itemprop=\"image\" itemscope=\"itemscope\" itemtype=\"https:\/\/schema.org\/ImageObject\" ><div class=\"avia-image-container-inner\"><div class=\"avia-image-overlay-wrap\"><img class='wp-image-10255 avia-img-lazy-loading-not-10255 avia_image ' src='https:\/\/tierhof-straelen.de\/wp\/wp-content\/uploads\/Hof.jpg' alt='' title='Hof'  height=\"640\" width=\"480\"  itemprop=\"thumbnailUrl\"  \/><\/div><\/div><\/div><br \/>\n<div  class='hr av-12zfw-d4adf46bec2b0ac3b456740cd71626a9 hr-default  avia-builder-el-4  el_after_av_image  el_before_av_image '><span class='hr-inner '><span class=\"hr-inner-style\"><\/span><\/span><\/div><br \/>\n\n<style type=\"text\/css\" data-created_by=\"avia_inline_auto\" id=\"style-css-av-jt44gcoy-bb050f0b81cab4a67cd6b20138b83faa\">\n.avia-image-container.av-jt44gcoy-bb050f0b81cab4a67cd6b20138b83faa img.avia_image{\nbox-shadow:none;\n}\n.avia-image-container.av-jt44gcoy-bb050f0b81cab4a67cd6b20138b83faa .av-image-caption-overlay-center{\ncolor:#ffffff;\n}\n<\/style>\n<div  class='avia-image-container av-jt44gcoy-bb050f0b81cab4a67cd6b20138b83faa av-styling- avia-align-  avia-builder-el-5  el_after_av_hr  avia-builder-el-last '   itemprop=\"image\" itemscope=\"itemscope\" itemtype=\"https:\/\/schema.org\/ImageObject\" ><div class=\"avia-image-container-inner\"><div class=\"avia-image-overlay-wrap\"><img class='wp-image-10256 avia-img-lazy-loading-not-10256 avia_image ' src='https:\/\/tierhof-straelen.de\/wp\/wp-content\/uploads\/Hof11.jpg' alt='' title='Hof1'  height=\"640\" width=\"480\"  itemprop=\"thumbnailUrl\"  \/><\/div><\/div><\/div><\/p><\/div>\n\n<style type=\"text\/css\" data-created_by=\"avia_inline_auto\" id=\"style-css-av-1jrx0-c617d105a4a6a6a90112d02667c0b746\">\n.flex_column.av-1jrx0-c617d105a4a6a6a90112d02667c0b746{\n-webkit-border-radius:0px 0px 0px 0px;\n-moz-border-radius:0px 0px 0px 0px;\nborder-radius:0px 0px 0px 0px;\npadding:0px 0px 0px 0px;\n}\n<\/style>\n<div class='flex_column av-1jrx0-c617d105a4a6a6a90112d02667c0b746 av_two_third  avia-builder-el-6  el_after_av_one_fourth  el_before_av_layout_row  avia-builder-el-last  flex_column_div av-zero-column-padding '     ><p>\n<style type=\"text\/css\" data-created_by=\"avia_inline_auto\" id=\"style-css-av-av_heading-9f7e0fd8c851c55668faaa77f1f726bc\">\n#top .av-special-heading.av-av_heading-9f7e0fd8c851c55668faaa77f1f726bc{\npadding-bottom:10px;\n}\nbody .av-special-heading.av-av_heading-9f7e0fd8c851c55668faaa77f1f726bc .av-special-heading-tag .heading-char{\nfont-size:25px;\n}\n.av-special-heading.av-av_heading-9f7e0fd8c851c55668faaa77f1f726bc .av-subheading{\nfont-size:15px;\n}\n<\/style>\n<div  class='av-special-heading av-av_heading-9f7e0fd8c851c55668faaa77f1f726bc av-special-heading-h3  avia-builder-el-7  el_before_av_textblock  avia-builder-el-first '><h3 class='av-special-heading-tag'  itemprop=\"headline\"  >Gelebter Tierschutz | Zuflucht | Zusammenarbeit mit \u00c4mtern und Beh\u00f6rden<\/h3><div class=\"special-heading-border\"><div class=\"special-heading-inner-border\"><\/div><\/div><\/div><br \/>\n<section  class='av_textblock_section av-jt44cyje-6848c369477c387414cc0feb5a25605f'  itemscope=\"itemscope\" itemtype=\"https:\/\/schema.org\/CreativeWork\" ><div class='avia_textblock'  itemprop=\"text\" ><p>Der Tierhof Straelen ist f\u00fcr viele Tiere, die ausgesetzt, beschlagnahmt oder einfach nicht mehr gewollt werden, zur letzten Zuflucht geworden. Hier wird Tierschutz aktiv rund um die Uhr gelebt, rund einhundert Tiere sind hier Zuhause, Hunde, Katzen und Pferde.<\/p>\n<p>Das Team des Tierhofes Straelen ist besonders f\u00fcr seinen fachkundigen Umgang mit so genannten \u201egef\u00e4hrlichen Hunden\u201c und deren Sozialisierung bekannt. Sehr h\u00e4ufig bitten \u00c4mter und Beh\u00f6rden das Team des Tierhofes um Hilfe, wenn es darum geht,&nbsp;gemeldeten Missst\u00e4nden nachzugehen oder eben so genannte \u201egef\u00e4hrliche Hunde\u201c sachkundig in Obhut zu nehmen. Hierzu muss ausgesprochen werden, dass kein Tier von sich aus verhaltensauff\u00e4llig wird &#8211; die Gr\u00fcnde hierf\u00fcr liegen so gut wie immer in einer falschen oder missbr\u00e4uchlichen Umgangsform mit den Tieren und keinesfalls etwa in der Rasse. Das Team des Tierhofes Straelen steht Beh\u00f6rden seit Jahren kostenfrei mit Rat und Tat zur Seite.<\/p>\n<p>Doch dies nicht nur, wenn um Tiere geht. Die praktische Tierschutzerfahrung vieler Jahre hat gezeigt, dass eine \u201evorschnelle\u201c Beschlag- oder Wegnahme eines Tieres nicht der einzige Weg ist. Deshalb wird an L\u00f6sungen gearbeitet, um&nbsp;das Zuhause der Tiere und freie Pl\u00e4tze im Tierheim f\u00fcr unausweichliche Notf\u00e4lle zu erhalten. Daf\u00fcr m\u00fcssen auch oft die Tierhalter im t\u00e4glichen Leben oder bei speziellen Problemen unterst\u00fctzt werden, wieder die n\u00f6tige Balance zu finden. Kurz: Geht es dem Menschen gut, wirkt sich dies positiv auf das Tier aus. Dieses zu erreichen funktioniert zusammen mit den parit\u00e4tischen Wohlfahrtsdiensten, die sich an Charity f\u00fcr Tiere e.V. oder den Tierhof Straelen wenden.<\/p>\n<p>Neben der wichtigen praktischen Zusammenarbeit f\u00fcr Tiere mit \u00c4mtern, Beh\u00f6rden und Wohlfahrtsverb\u00e4nden lebt das ganze Team des Tierhofes durch seinen t\u00e4glichen Einsatz als Beispiel einer positiven Wertevermittlung die Akzeptanz f\u00fcr Tiere und deren Bed\u00fcrfnisse. Der Tierhof Straelen ist deshalb auch eine Instanz der \u00d6ffentlichkeitsarbeit als Ansprechpartner f\u00fcr das Verst\u00e4ndnis und fachkundige Wissen f\u00fcr das Individuum Tier.<\/p>\n<p>Insgesamt umfasst der Tierhof eine Fl\u00e4che von vierzigtausend Quadratmetern und ist aus privaten Mitteln von Martina Retthofer erworben worden. Seitdem sind die Kapazit\u00e4ten immer weiter ausgebaut worden, da sich immer mehr Menschen und Beh\u00f6rden Hilfe suchend an den Tierhof Straelen gewendet haben. Jeder auf dem Tierhof Straelen stellt sich gerne dieser Herausforderung, doch darf keinesfalls verschwiegen werden, dass mit dem gestiegenen Anspruch an alle Beteiligten und die laufend steigenden Energie- und Versorgungskosten f\u00fcr die Tiere die Umsetzung auch immer schwieriger wird. Doch gem\u00e4\u00df unserem Leitgedanken, Gro\u00dfes gemeinsam bewegen zu k\u00f6nnen, hoffen wir auf weiterhin viel Unterst\u00fctzung, Lob und auch konstruktive Kritik, um noch viele Jahre diese wertvolle Tierschutzeinrichtung erhalten zu k\u00f6nnen.<\/p>\n<\/div><\/section><br \/>\n<div  class='hr av-s7eg-04baf41c4fc63ad660be76e7bd14daa5 hr-default  avia-builder-el-9  el_after_av_textblock  el_before_av_gallery '><span class='hr-inner '><span class=\"hr-inner-style\"><\/span><\/span><\/div><br \/>\n\n<style type=\"text\/css\" data-created_by=\"avia_inline_auto\" id=\"style-css-av-jt44jqr3-4a09b894742802c4a5b0e99d1befbe96\">\n#top .avia-gallery.av-jt44jqr3-4a09b894742802c4a5b0e99d1befbe96 .avia-gallery-thumb a{\nwidth:33.3333%;\n}\n<\/style>\n<div  class='avia-gallery av-jt44jqr3-4a09b894742802c4a5b0e99d1befbe96 avia_animate_when_visible  avia-builder-el-10  el_after_av_hr  avia-builder-el-last  animations_off avia-gallery-1'  itemprop=\"image\" itemscope=\"itemscope\" itemtype=\"https:\/\/schema.org\/ImageObject\" ><meta itemprop=\"contentURL\" content=\"https:\/\/tierhof-straelen.de\/wp\/?page_id=60\"><div class='avia-gallery-thumb'><a href=\"https:\/\/tierhof-straelen.de\/wp\/wp-content\/uploads\/Hof6.jpg\" data-rel='gallery-1' data-prev-img='https:\/\/tierhof-straelen.de\/wp\/wp-content\/uploads\/Hof6.jpg' class='first_thumb avianolink noLightbox ' data-onclick='1' title='Hof6'  itemprop=\"thumbnailUrl\"  ><img class=\"wp-image-10258 avia-img-lazy-loading-not-10258\"   src='https:\/\/tierhof-straelen.de\/wp\/wp-content\/uploads\/Hof6.jpg' width='495' height='371'  title='Hof6' alt='' \/><div class='big-prev-fake'><img class=\"wp-image-10258 avia-img-lazy-loading-10258\"  width='495' height='371' src='https:\/\/tierhof-straelen.de\/wp\/wp-content\/uploads\/Hof6.jpg' title='Hof6' alt='' \/><\/div><\/a><a href=\"https:\/\/tierhof-straelen.de\/wp\/wp-content\/uploads\/Innenraum.jpg\" data-rel='gallery-1' data-prev-img='https:\/\/tierhof-straelen.de\/wp\/wp-content\/uploads\/Innenraum.jpg' class='avianolink noLightbox ' data-onclick='2' title='Innenraum'  itemprop=\"thumbnailUrl\"  ><img class=\"wp-image-10259 avia-img-lazy-loading-not-10259\"   src='https:\/\/tierhof-straelen.de\/wp\/wp-content\/uploads\/Innenraum.jpg' width='495' height='371'  title='Innenraum' alt='' \/><div class='big-prev-fake'><img class=\"wp-image-10259 avia-img-lazy-loading-10259\"  width='495' height='371' src='https:\/\/tierhof-straelen.de\/wp\/wp-content\/uploads\/Innenraum.jpg' title='Innenraum' alt='' \/><\/div><\/a><a href=\"https:\/\/tierhof-straelen.de\/wp\/wp-content\/uploads\/Pferde.jpg\" data-rel='gallery-1' data-prev-img='https:\/\/tierhof-straelen.de\/wp\/wp-content\/uploads\/Pferde.jpg' class='avianolink noLightbox ' data-onclick='3' title='Weide'  itemprop=\"thumbnailUrl\"  ><img class=\"wp-image-10260 avia-img-lazy-loading-not-10260\"  data-avia-tooltip='Weide' src='https:\/\/tierhof-straelen.de\/wp\/wp-content\/uploads\/Pferde.jpg' width='495' height='371'  title='Pferde' alt='' \/><div class='big-prev-fake'><img class=\"wp-image-10260 avia-img-lazy-loading-10260\"  width='495' height='371' src='https:\/\/tierhof-straelen.de\/wp\/wp-content\/uploads\/Pferde.jpg' title='Pferde' alt='' \/><\/div><\/a><\/div><\/div><\/p><\/div><\/div><\/div><\/div><!-- close content main div --><\/div><\/div><div id='av-layout-grid-1'  class='av-layout-grid-container av-2bgzg-a40fc2f6e798823632e8c0e53dd086ec entry-content-wrapper main_color av-flex-cells  avia-builder-el-11  el_after_av_two_third  avia-builder-el-last  grid-row-not-first  container_wrap sidebar_right'  >\n<div class='flex_cell av-1h6jw-e9897f5c642fb58a30bfbfa4e00f6df9 av-gridrow-cell av_one_half no_margin  avia-builder-el-12  el_before_av_cell_one_half  avia-builder-el-first ' ><div class='flex_cell_inner'><\/div><\/div> <div class='flex_cell av-10ufo-26dc6aae17796662e07e84d0d8d19266 av-gridrow-cell av_one_half no_margin  avia-builder-el-13  el_after_av_cell_one_half  avia-builder-el-last ' ><div class='flex_cell_inner'><\/div><\/div>\n<\/div><\/p>\n","protected":false},"excerpt":{"rendered":"","protected":false},"author":1,"featured_media":0,"parent":0,"menu_order":2,"comment_status":"closed","ping_status":"closed","template":"","meta":{"_uag_custom_page_level_css":"","ngg_post_thumbnail":0,"footnotes":""},"class_list":["post-60","page","type-page","status-publish","hentry"],"uagb_featured_image_src":{"full":false,"thumbnail":false,"medium":false,"medium_large":false,"large":false,"1536x1536":false,"2048x2048":false,"widget":false,"square":false,"featured":false,"featured_large":false,"extra_large":false,"portfolio":false,"portfolio_small":false,"gallery":false,"magazine":false,"masonry":false,"entry_with_sidebar":false,"entry_without_sidebar":false},"uagb_author_info":{"display_name":"admin","author_link":"https:\/\/tierhof-straelen.de\/wp\/?author=1"},"uagb_comment_info":0,"uagb_excerpt":null,"_links":{"self":[{"href":"https:\/\/tierhof-straelen.de\/wp\/index.php?rest_route=\/wp\/v2\/pages\/60","targetHints":{"allow":["GET"]}}],"collection":[{"href":"https:\/\/tierhof-straelen.de\/wp\/index.php?rest_route=\/wp\/v2\/pages"}],"about":[{"href":"https:\/\/tierhof-straelen.de\/wp\/index.php?rest_route=\/wp\/v2\/types\/page"}],"author":[{"embeddable":true,"href":"https:\/\/tierhof-straelen.de\/wp\/index.php?rest_route=\/wp\/v2\/users\/1"}],"replies":[{"embeddable":true,"href":"https:\/\/tierhof-straelen.de\/wp\/index.php?rest_route=%2Fwp%2Fv2%2Fcomments&post=60"}],"version-history":[{"count":71,"href":"https:\/\/tierhof-straelen.de\/wp\/index.php?rest_route=\/wp\/v2\/pages\/60\/revisions"}],"predecessor-version":[{"id":15429,"href":"https:\/\/tierhof-straelen.de\/wp\/index.php?rest_route=\/wp\/v2\/pages\/60\/revisions\/15429"}],"wp:attachment":[{"href":"https:\/\/tierhof-straelen.de\/wp\/index.php?rest_route=%2Fwp%2Fv2%2Fmedia&parent=60"}],"curies":[{"name":"wp","href":"https:\/\/api.w.org\/{rel}","templated":true}]}}