{"id":76,"date":"2010-11-18T16:45:02","date_gmt":"2010-11-18T16:45:02","guid":{"rendered":"http:\/\/tierhof-straelen.de\/wp\/?page_id=76"},"modified":"2019-03-11T09:18:06","modified_gmt":"2019-03-11T09:18:06","slug":"gastebuch","status":"publish","type":"page","link":"https:\/\/tierhof-straelen.de\/wp\/?page_id=76","title":{"rendered":"G\u00e4stebuch"},"content":{"rendered":"<table style=\"width: 100%;\" border=\"0\" cellspacing=\"1\" cellpadding=\"1\">\n<tbody>\n<tr>\n<td><u>Update 30. Juni 2014<\/u><br \/>\nAufgrund der Schliessung des Service von 123GB.de zum 01. Juli 2014 haben f\u00fcr euch ein neues G\u00e4stebuch eingerichtet. Das gesamte, vorherige G\u00e4stebuch mit seinen 18.306 Eintr\u00e4gen wurde von uns gesichert, auch aufgrund von uns eingeleiteter Strafverfahren.<\/p>\n<p>Zum neuen G\u00e4stebuch geht es hier weiter: <a href=\"http:\/\/www.smoobook.de\/tierhofstraelen\/\" target=\"_blank\" rel=\"noopener noreferrer\">G\u00e4stebuch Tierhof Straelen<\/a><\/p>\n<p>Liebe G\u00e4stebuchbesucher,<\/p>\n<p>beim Lesen unseres G\u00e4stebuches werden Sie vielleicht \u00fcberrascht sein. Hier hat sich seit ca. zwei Jahren eine Diskussionsplattform zu einem Tierschutzverein entwickelt, der immer wieder in die Schlagzeilen ger\u00e4t durch seine Praxis des Auslandstierschutzes, Retriever in Not e.V.<\/p>\n<p>Wir vom Tierhof Straelen sind durch unseren Hund Merten mit diesem Verein in Ber\u00fchrung gekommen. Seine Geschichte: <a href=\"https:\/\/tierhof-straelen.de\/wp\/?p=292\" target=\"_blank\" rel=\"noopener noreferrer\">Merten<\/a><\/p>\n<p>Zahlreiche Ehemalige dieses Vereins haben sich daraufhin gefunden, die hier ihre Erfahrungen geschildert haben. Zum Teil sind heftige Diskussionen mit Aktiven des Vereins entstanden. Wir haben uns entschlossen, diese Plattform nicht zu schlie\u00dfen, da Diskussionen im hauseigenen Forum des Vereins nicht m\u00f6glich sind, werden kritische Stimmen dort schnell durch L\u00f6schung der Teilnehmer ausgeschaltet. Wir halten es jedoch f\u00fcr unerl\u00e4sslich, auch Kritiker zu Wort kommen zu lassen.<\/p>\n<p>Im \u00dcbrigen halten wir es f\u00fcr unsere Pflicht als Tiersch\u00fctzer, unsere Besucher \u00fcber verschiedene Aspekte des praktizierten Auslandstierschutzes zu informieren. Siehe dazu auch unsere Position: <a href=\"http:\/\/www.charity-fuer-tiere.de\/wp\/archives\/101\" target=\"_blank\" rel=\"noopener noreferrer\">Auslandstierschutz \u2013 Chance oder Risiko?<\/a> Der Tierhof Straelen steht f\u00fcr Tierschutz vor Ort \u2013 sowohl hier als auch im Ausland.<\/p>\n<p>Wir appellieren hier noch einmal an alle Seiten, sachlich und fair miteinander umzugehen und freuen uns \u00fcber alle fundierten Beitr\u00e4ge. Nur so k\u00f6nnen wir vern\u00fcnftig miteinander diskutieren.<br \/>\n&nbsp;<\/p>\n<p>Mit tierlieben Gr\u00fc\u00dfen<\/p>\n<p>Das Team des Tierhofes Straelen<\/td>\n<\/tr>\n<\/tbody>\n<\/table>\n<p>&nbsp;<\/p>\n<p>&nbsp;<\/p>\n<p><a href=\"http:\/\/123gb.de\/gb.php?user=tierhof\" target=\"_blank\" rel=\"noopener noreferrer\">&nbsp;<\/a><\/p>\n","protected":false},"excerpt":{"rendered":"<p>Update 30. Juni 2014 Aufgrund der Schliessung des Service von 123GB.de zum 01. Juli 2014 haben f\u00fcr euch ein neues G\u00e4stebuch eingerichtet. Das gesamte, vorherige G\u00e4stebuch mit seinen 18.306 Eintr\u00e4gen wurde von uns gesichert, auch aufgrund von uns eingeleiteter Strafverfahren. Zum neuen G\u00e4stebuch geht es hier weiter: G\u00e4stebuch Tierhof Straelen Liebe G\u00e4stebuchbesucher, beim Lesen unseres [&hellip;]<\/p>\n","protected":false},"author":1,"featured_media":0,"parent":0,"menu_order":3,"comment_status":"open","ping_status":"open","template":"","meta":{"_uag_custom_page_level_css":"","ngg_post_thumbnail":0,"footnotes":""},"class_list":["post-76","page","type-page","status-publish","hentry"],"uagb_featured_image_src":{"full":false,"thumbnail":false,"medium":false,"medium_large":false,"large":false,"1536x1536":false,"2048x2048":false,"widget":false,"square":false,"featured":false,"featured_large":false,"extra_large":false,"portfolio":false,"portfolio_small":false,"gallery":false,"magazine":false,"masonry":false,"entry_with_sidebar":false,"entry_without_sidebar":false},"uagb_author_info":{"display_name":"admin","author_link":"https:\/\/tierhof-straelen.de\/wp\/?author=1"},"uagb_comment_info":2,"uagb_excerpt":"Update 30. Juni 2014 Aufgrund der Schliessung des Service von 123GB.de zum 01. Juli 2014 haben f\u00fcr euch ein neues G\u00e4stebuch eingerichtet. Das gesamte, vorherige G\u00e4stebuch mit seinen 18.306 Eintr\u00e4gen wurde von uns gesichert, auch aufgrund von uns eingeleiteter Strafverfahren. Zum neuen G\u00e4stebuch geht es hier weiter: G\u00e4stebuch Tierhof Straelen Liebe G\u00e4stebuchbesucher, beim Lesen unseres&hellip;","_links":{"self":[{"href":"https:\/\/tierhof-straelen.de\/wp\/index.php?rest_route=\/wp\/v2\/pages\/76","targetHints":{"allow":["GET"]}}],"collection":[{"href":"https:\/\/tierhof-straelen.de\/wp\/index.php?rest_route=\/wp\/v2\/pages"}],"about":[{"href":"https:\/\/tierhof-straelen.de\/wp\/index.php?rest_route=\/wp\/v2\/types\/page"}],"author":[{"embeddable":true,"href":"https:\/\/tierhof-straelen.de\/wp\/index.php?rest_route=\/wp\/v2\/users\/1"}],"replies":[{"embeddable":true,"href":"https:\/\/tierhof-straelen.de\/wp\/index.php?rest_route=%2Fwp%2Fv2%2Fcomments&post=76"}],"version-history":[{"count":10,"href":"https:\/\/tierhof-straelen.de\/wp\/index.php?rest_route=\/wp\/v2\/pages\/76\/revisions"}],"predecessor-version":[{"id":79,"href":"https:\/\/tierhof-straelen.de\/wp\/index.php?rest_route=\/wp\/v2\/pages\/76\/revisions\/79"}],"wp:attachment":[{"href":"https:\/\/tierhof-straelen.de\/wp\/index.php?rest_route=%2Fwp%2Fv2%2Fmedia&parent=76"}],"curies":[{"name":"wp","href":"https:\/\/api.w.org\/{rel}","templated":true}]}}