{"id":9248,"date":"2013-07-25T09:48:11","date_gmt":"2013-07-25T09:48:11","guid":{"rendered":"http:\/\/tierhof-straelen.de\/wp\/?page_id=9248"},"modified":"2019-03-11T10:31:31","modified_gmt":"2019-03-11T10:31:31","slug":"newsroom","status":"publish","type":"page","link":"https:\/\/tierhof-straelen.de\/wp\/?page_id=9248","title":{"rendered":"Newsroom"},"content":{"rendered":"<div style=\"width: 80%;\">\n<p><strong>Rufmordkampagne soll Charity f\u00fcr Tiere e.V. | Tierhof Straelen mundtot machen<\/strong><\/p>\n<p>Aus aktuellem Anla\u00df haben wir uns dazu entschlossen auf der Vereinsseite www.charity-fuer-tiere.de zentralisiert \u00fcber aktuelle Hintergr\u00fcnde und Antriebe, der unter anderem gegen uns initiierten Rufmordkampagne, zu informieren. F\u00fcr weiterf\u00fchrende Hinweise und Informationen \u00fcber die Initiatoren, und auch f\u00fcr R\u00fcckfragen ist die E-Mailadresse <a href=\"mailto:rufmord@cft-ev.de?subject=Rufmordkampagne%20gegen%20Charity%20f%C3%BCr%20Tiere%20%7C%20Tierhof%20Straelen&amp;body=Ihr%20Hinweis\">rufmord@cft-ev.de<\/a> eingerichtet worden. Hinweise werden von uns absolut vertraulich behandelt und nur in Absprache mit den Informanten wahrgenommen.<\/p>\n<p><strong>Hier geht es zum <a href=\"http:\/\/www.charity-fuer-tiere.de\/wp\/newsroom\">Newsroom von Charity f\u00fcr Tiere e.V. | Tierhof Straelen<\/a><\/strong><\/p>\n<p>&nbsp;<\/p>\n<p>&nbsp;<\/p>\n<p>&nbsp;<\/p>\n<\/div>\n","protected":false},"excerpt":{"rendered":"<p>Rufmordkampagne soll Charity f\u00fcr Tiere e.V. | Tierhof Straelen mundtot machen Aus aktuellem Anla\u00df haben wir uns dazu entschlossen auf der Vereinsseite www.charity-fuer-tiere.de zentralisiert \u00fcber aktuelle Hintergr\u00fcnde und Antriebe, der unter anderem gegen uns initiierten Rufmordkampagne, zu informieren. F\u00fcr weiterf\u00fchrende Hinweise und Informationen \u00fcber die Initiatoren, und auch f\u00fcr R\u00fcckfragen ist die E-Mailadresse rufmord@cft-ev.de eingerichtet [&hellip;]<\/p>\n","protected":false},"author":1,"featured_media":0,"parent":0,"menu_order":5,"comment_status":"open","ping_status":"open","template":"","meta":{"_uag_custom_page_level_css":"","ngg_post_thumbnail":0,"footnotes":""},"class_list":["post-9248","page","type-page","status-publish","hentry"],"uagb_featured_image_src":{"full":false,"thumbnail":false,"medium":false,"medium_large":false,"large":false,"1536x1536":false,"2048x2048":false,"widget":false,"square":false,"featured":false,"featured_large":false,"extra_large":false,"portfolio":false,"portfolio_small":false,"gallery":false,"magazine":false,"masonry":false,"entry_with_sidebar":false,"entry_without_sidebar":false},"uagb_author_info":{"display_name":"admin","author_link":"https:\/\/tierhof-straelen.de\/wp\/?author=1"},"uagb_comment_info":1,"uagb_excerpt":"Rufmordkampagne soll Charity f\u00fcr Tiere e.V. | Tierhof Straelen mundtot machen Aus aktuellem Anla\u00df haben wir uns dazu entschlossen auf der Vereinsseite www.charity-fuer-tiere.de zentralisiert \u00fcber aktuelle Hintergr\u00fcnde und Antriebe, der unter anderem gegen uns initiierten Rufmordkampagne, zu informieren. F\u00fcr weiterf\u00fchrende Hinweise und Informationen \u00fcber die Initiatoren, und auch f\u00fcr R\u00fcckfragen ist die E-Mailadresse rufmord@cft-ev.de eingerichtet&hellip;","_links":{"self":[{"href":"https:\/\/tierhof-straelen.de\/wp\/index.php?rest_route=\/wp\/v2\/pages\/9248","targetHints":{"allow":["GET"]}}],"collection":[{"href":"https:\/\/tierhof-straelen.de\/wp\/index.php?rest_route=\/wp\/v2\/pages"}],"about":[{"href":"https:\/\/tierhof-straelen.de\/wp\/index.php?rest_route=\/wp\/v2\/types\/page"}],"author":[{"embeddable":true,"href":"https:\/\/tierhof-straelen.de\/wp\/index.php?rest_route=\/wp\/v2\/users\/1"}],"replies":[{"embeddable":true,"href":"https:\/\/tierhof-straelen.de\/wp\/index.php?rest_route=%2Fwp%2Fv2%2Fcomments&post=9248"}],"version-history":[{"count":10,"href":"https:\/\/tierhof-straelen.de\/wp\/index.php?rest_route=\/wp\/v2\/pages\/9248\/revisions"}],"predecessor-version":[{"id":15363,"href":"https:\/\/tierhof-straelen.de\/wp\/index.php?rest_route=\/wp\/v2\/pages\/9248\/revisions\/15363"}],"wp:attachment":[{"href":"https:\/\/tierhof-straelen.de\/wp\/index.php?rest_route=%2Fwp%2Fv2%2Fmedia&parent=9248"}],"curies":[{"name":"wp","href":"https:\/\/api.w.org\/{rel}","templated":true}]}}